{"id":835,"date":"2026-01-04T01:08:28","date_gmt":"2026-01-04T00:08:28","guid":{"rendered":"https:\/\/massagehealthpoint.com\/website\/?page_id=835"},"modified":"2026-03-17T21:54:09","modified_gmt":"2026-03-17T20:54:09","slug":"maderotherapie-info","status":"publish","type":"page","link":"https:\/\/massagehealthpoint.com\/website\/maderotherapie-info\/","title":{"rendered":"Madero Therapie"},"content":{"rendered":"\n<div class=\"slider-wrapper relative\" id=\"slider-136534719\" >\n    <div class=\"slider slider-nav-circle slider-nav-large slider-nav-light slider-style-normal\"\n        data-flickity-options='{\n            \"cellAlign\": \"center\",\n            \"imagesLoaded\": true,\n            \"lazyLoad\": 1,\n            \"freeScroll\": false,\n            \"wrapAround\": true,\n            \"autoPlay\": 6000,\n            \"pauseAutoPlayOnHover\" : true,\n            \"prevNextButtons\": true,\n            \"contain\" : true,\n            \"adaptiveHeight\" : true,\n            \"dragThreshold\" : 10,\n            \"percentPosition\": true,\n            \"pageDots\": true,\n            \"rightToLeft\": false,\n            \"draggable\": true,\n            \"selectedAttraction\": 0.1,\n            \"parallax\" : 0,\n            \"friction\": 0.6        }'\n        >\n        \n\n\n  <div class=\"banner has-hover has-slide-effect slide-zoom-out\" id=\"banner-419842098\">\n          <div class=\"banner-inner fill\">\n        <div class=\"banner-bg fill\" >\n            <img loading=\"lazy\" decoding=\"async\" width=\"1020\" height=\"574\" src=\"https:\/\/massagehealthpoint.com\/website\/wp-content\/uploads\/2025\/11\/pexels-paolo-ortega-155343406-10893346-1400x788.jpg\" class=\"bg attachment-large size-large\" alt=\"\" \/>                                    \n                    <\/div>\n\t\t\n        <div class=\"banner-layers container\">\n            <div class=\"fill banner-link\"><\/div>            \n\n   <div id=\"text-box-542319653\" class=\"text-box banner-layer x100 md-x100 lg-x100 y0 md-y0 lg-y0 res-text\">\n                                <div class=\"text-box-content text dark\">\n              \n              <div class=\"text-inner text-center\">\n                  \n\n<p><strong><span data-text-bg=\"alert\">Maderotherapie<\/span><\/p>\n<p><span data-text-bg=\"alert\">&gt; Maakt de huid steviger en gladder<\/span><\/strong><br \/><span data-text-bg=\"alert\"><strong>&gt; Vermindert zichtbaar de aanblik van cellulite<\/strong><\/span><br \/><span data-text-bg=\"alert\"><strong>&gt; Stimuleert de bloedsomloop en lymfestroom<\/strong><\/span><br \/><span data-text-bg=\"alert\"><strong>&gt; Geeft ontspanning en een gevoel van lichtheid<\/strong><\/span><\/p>\n<a data-animate=\"bounceInDown\" href=\"https:\/\/massagehealthpoint.com\/website\/booking\/\" class=\"button success\" style=\"border-radius:99px;\">\n\t\t<span>Boek een afspraak<\/span>\n\t<\/a>\n\n\n\n              <\/div>\n           <\/div>\n                            \n<style>\n#text-box-542319653 {\n  width: 60%;\n}\n#text-box-542319653 .text-box-content {\n  font-size: 100%;\n}\n<\/style>\n    <\/div>\n \n\n        <\/div>\n      <\/div>\n\n            \n<style>\n#banner-419842098 {\n  padding-top: 30%;\n}\n<\/style>\n  <\/div>\n\n\n\n  <div class=\"banner has-hover has-slide-effect slide-zoom-out\" id=\"banner-914464560\">\n          <div class=\"banner-inner fill\">\n        <div class=\"banner-bg fill\" >\n            <img loading=\"lazy\" decoding=\"async\" width=\"1020\" height=\"681\" src=\"https:\/\/massagehealthpoint.com\/website\/wp-content\/uploads\/2025\/12\/WhatsApp-Image-2025-10-13-at-14.53.31_13297f1a-1198x800.jpg\" class=\"bg attachment-large size-large\" alt=\"\" \/>                                    \n                    <\/div>\n\t\t\n        <div class=\"banner-layers container\">\n            <div class=\"fill banner-link\"><\/div>            \n\n   <div id=\"text-box-31971757\" class=\"text-box banner-layer x50 md-x50 lg-x50 y50 md-y50 lg-y50 res-text\">\n                                <div class=\"text-box-content text dark\">\n              \n              <div class=\"text-inner text-center\">\n                  \n\n\n              <\/div>\n           <\/div>\n                            \n<style>\n#text-box-31971757 {\n  width: 60%;\n}\n#text-box-31971757 .text-box-content {\n  font-size: 100%;\n}\n<\/style>\n    <\/div>\n \n\n        <\/div>\n      <\/div>\n\n            \n<style>\n#banner-914464560 {\n  padding-top: 30%;\n}\n<\/style>\n  <\/div>\n\n\n\n  <div class=\"banner has-hover has-slide-effect slide-zoom-out\" id=\"banner-470356576\">\n          <div class=\"banner-inner fill\">\n        <div class=\"banner-bg fill\" >\n            <img loading=\"lazy\" decoding=\"async\" width=\"1020\" height=\"681\" src=\"https:\/\/massagehealthpoint.com\/website\/wp-content\/uploads\/2025\/12\/WhatsApp-Image-2025-10-13-at-14.52.18_12eb9e43-1198x800.jpg\" class=\"bg attachment-large size-large\" alt=\"\" \/>                                    \n                    <\/div>\n\t\t\n        <div class=\"banner-layers container\">\n            <div class=\"fill banner-link\"><\/div>            \n\n   <div id=\"text-box-961983247\" class=\"text-box banner-layer x50 md-x50 lg-x50 y50 md-y50 lg-y50 res-text\">\n                                <div class=\"text-box-content text dark\">\n              \n              <div class=\"text-inner text-center\">\n                  \n\n\n              <\/div>\n           <\/div>\n                            \n<style>\n#text-box-961983247 {\n  width: 60%;\n}\n#text-box-961983247 .text-box-content {\n  font-size: 100%;\n}\n<\/style>\n    <\/div>\n \n\n        <\/div>\n      <\/div>\n\n            \n<style>\n#banner-470356576 {\n  padding-top: 30%;\n}\n<\/style>\n  <\/div>\n\n\n\n     <\/div>\n\n     <div class=\"loading-spin dark large centered\"><\/div>\n\n\t<\/div>\n\n\n\n\t<section class=\"section\" id=\"section_2001663299\">\n\t\t<div class=\"section-bg fill\" >\n\t\t\t<img loading=\"lazy\" decoding=\"async\" width=\"241\" height=\"194\" src=\"https:\/\/massagehealthpoint.com\/website\/wp-content\/uploads\/2025\/11\/Screenshot-2025-11-25-225317.png\" class=\"bg attachment- size-\" alt=\"\" \/>\t\t\t\t\t\t\n\t\t\t\n\n\t\t<\/div>\n\n\t\t\n\n\t\t<div class=\"section-content relative\">\n\t\t\t\n\n\t<div id=\"text-2432044156\" class=\"text\">\n\t\t\n\n<div style=\"padding: 20px 40px;\">\n<div style=\"padding-left: 60px; padding-right: 60px;\">\n<h3><span style=\"color: #ffffff;\">Maderotherapie \u2013 jouw natuurlijke body-shape<\/span><\/h3>\n<p><strong>Wat is maderotherapie?<\/strong><br \/>Maderotherapie is een bijzondere massagetechniek waarbij houten tools worden gebruikt. Met stevige maar ritmische bewegingen stimuleren we de doorbloeding en lymfestroom. Het resultaat? Een soepelere huid, een frissere uitstraling en een lichaam dat zich strakker en lichter aanvoelt.<br \/>&#8211; Ontspanning \u00e9n huidverbetering in \u00e9\u00e9n behandeling!<\/p>\n<p><strong>Een stukje geschiedenis<\/strong><br \/>Hoewel massage met houten instrumenten al eeuwen voorkomt in verschillende culturen, is de moderne maderotherapie in de jaren &#8217;90 in Colombia ontwikkeld. Daar werden de tools zo ontworpen dat ze perfect aansluiten bij de vormen van het lichaam. Sindsdien is deze methode wereldwijd populair geworden.<\/p>\n<p><strong>Wat doet het voor jou?<\/strong><br \/>&#8211; Maakt de huid steviger en gladder<br \/>&#8211; Vermindert zichtbaar de aanblik van cellulite<br \/>&#8211; Stimuleert de bloedsomloop en lymfestroom<br \/>&#8211; Geeft ontspanning en een gevoel van lichtheid<\/p>\n<p><strong>Hoe vaak een behandeling?<\/strong><br \/>&#8211; Een sessie duurt gemiddeld 30\u201360 minuten.<br \/>&#8211; Voor de beste resultaten starten we vaak met een kuur van 10\u201315 behandelingen, 2\u20133 keer per week.<br \/>Na ongeveer 5 sessies zie je meestal al verschil. Daarna kun je overstappen op een onderhoudsbehandeling (bijvoorbeeld 1\u00d7 per week of per maand).<\/p>\n<p><strong>Extra tips voor betere resultaten:<\/strong><br \/>&#8211; Drink voldoende water voor \u00e9n na de behandeling<br \/>&#8211; Vermijd alcohol en zware maaltijden kort voor\/na de sessie<br \/>&#8211; Beweeg licht (wandelen of fietsen) om de doorstroming te stimuleren<\/p>\n<p><strong>Veiligheid voorop<\/strong><br \/>Maderotherapie is niet geschikt bij o.a. actieve huidproblemen, spataderen, trombose, hart- en vaatziekten, zwangerschap of recente operaties. Heb je twijfels of medische klachten? Overleg altijd eerst met je arts.<\/p>\n<p>Maderotherapie is ideaal voor iedereen die op een natuurlijke manier haar huid en lichaam een boost wil geven. Bij Massage Healthpoint kijken we samen naar jouw doelen en maken we een plan op maat.<\/p>\n<\/div>\n<\/div>\n\t\t\n<style>\n#text-2432044156 {\n  color: rgb(255,255,255);\n}\n#text-2432044156 > * {\n  color: rgb(255,255,255);\n}\n<\/style>\n\t<\/div>\n\t\n<a href=\"https:\/\/massagehealthpoint.com\/website\/booking\/\" class=\"button secondary expand\" style=\"border-radius:99px;\">\n\t\t<span>MAAK VANDAAG NOG EEN AFSPRAAK!<\/span>\n\t<i class=\"icon-shopping-cart\" aria-hidden=\"true\"><\/i><\/a>\n\n\n\n\t\t<\/div>\n\n\t\t\n<style>\n#section_2001663299 {\n  padding-top: 30px;\n  padding-bottom: 30px;\n}\n<\/style>\n\t<\/section>\n\t\n\n","protected":false},"excerpt":{"rendered":"","protected":false},"author":1,"featured_media":0,"parent":0,"menu_order":0,"comment_status":"closed","ping_status":"closed","template":"","meta":{"pagelayer_contact_templates":[],"_pagelayer_content":"","footnotes":""},"class_list":["post-835","page","type-page","status-publish","hentry"],"_links":{"self":[{"href":"https:\/\/massagehealthpoint.com\/website\/wp-json\/wp\/v2\/pages\/835","targetHints":{"allow":["GET"]}}],"collection":[{"href":"https:\/\/massagehealthpoint.com\/website\/wp-json\/wp\/v2\/pages"}],"about":[{"href":"https:\/\/massagehealthpoint.com\/website\/wp-json\/wp\/v2\/types\/page"}],"author":[{"embeddable":true,"href":"https:\/\/massagehealthpoint.com\/website\/wp-json\/wp\/v2\/users\/1"}],"replies":[{"embeddable":true,"href":"https:\/\/massagehealthpoint.com\/website\/wp-json\/wp\/v2\/comments?post=835"}],"version-history":[{"count":5,"href":"https:\/\/massagehealthpoint.com\/website\/wp-json\/wp\/v2\/pages\/835\/revisions"}],"predecessor-version":[{"id":881,"href":"https:\/\/massagehealthpoint.com\/website\/wp-json\/wp\/v2\/pages\/835\/revisions\/881"}],"wp:attachment":[{"href":"https:\/\/massagehealthpoint.com\/website\/wp-json\/wp\/v2\/media?parent=835"}],"curies":[{"name":"wp","href":"https:\/\/api.w.org\/{rel}","templated":true}]}}